{"id":306,"date":"2022-04-08T08:07:47","date_gmt":"2022-04-08T08:07:47","guid":{"rendered":"https:\/\/bxconsulting.ch\/consulting-services\/"},"modified":"2023-03-01T15:13:46","modified_gmt":"2023-03-01T15:13:46","slug":"consulting-services","status":"publish","type":"page","link":"https:\/\/bxconsulting.ch\/en\/consulting-services\/","title":{"rendered":"Consulting services"},"content":{"rendered":"","protected":false},"excerpt":{"rendered":"","protected":false},"author":3,"featured_media":244,"parent":0,"menu_order":0,"comment_status":"closed","ping_status":"closed","template":"page-templates\/prestations-page.php","meta":{"_acf_changed":false,"inline_featured_image":false,"footnotes":""},"class_list":["post-306","page","type-page","status-publish","has-post-thumbnail","hentry"],"acf":[],"yoast_head":"<!-- This site is optimized with the Yoast SEO plugin v25.9 - https:\/\/yoast.com\/wordpress\/plugins\/seo\/ -->\n<title>Consulting services, scope of support | BX Consulting<\/title>\n<meta name=\"description\" content=\"Discover our consulting services as well as our scope of support, by phase. Our role is to help companies improve their performance.\" \/>\n<meta name=\"robots\" content=\"index, follow, max-snippet:-1, max-image-preview:large, max-video-preview:-1\" \/>\n<link rel=\"canonical\" href=\"https:\/\/bxconsulting.ch\/en\/consulting-services\/\" \/>\n<meta property=\"og:locale\" content=\"en_US\" \/>\n<meta property=\"og:type\" content=\"article\" \/>\n<meta property=\"og:title\" content=\"Consulting services, scope of support | BX Consulting\" \/>\n<meta property=\"og:description\" content=\"Discover our consulting services as well as our scope of support, by phase. Our role is to help companies improve their performance.\" \/>\n<meta property=\"og:url\" content=\"https:\/\/bxconsulting.ch\/en\/consulting-services\/\" \/>\n<meta property=\"og:site_name\" content=\"Consulting, conseil en ing\u00e9nierie informatique | BX Consulting\" \/>\n<meta property=\"article:modified_time\" content=\"2023-03-01T15:13:46+00:00\" \/>\n<meta property=\"og:image\" content=\"https:\/\/bxconsulting.ch\/wp-content\/uploads\/2022\/03\/bx-consulting-prestations-de-conseil-bandeau.jpg\" \/>\n\t<meta property=\"og:image:width\" content=\"1440\" \/>\n\t<meta property=\"og:image:height\" content=\"410\" \/>\n\t<meta property=\"og:image:type\" content=\"image\/jpeg\" \/>\n<meta name=\"twitter:card\" content=\"summary_large_image\" \/>\n<script type=\"application\/ld+json\" class=\"yoast-schema-graph\">{\"@context\":\"https:\/\/schema.org\",\"@graph\":[{\"@type\":\"WebPage\",\"@id\":\"https:\/\/bxconsulting.ch\/en\/consulting-services\/\",\"url\":\"https:\/\/bxconsulting.ch\/en\/consulting-services\/\",\"name\":\"Consulting services, scope of support | BX Consulting\",\"isPartOf\":{\"@id\":\"https:\/\/bxconsulting.ch\/en\/#website\"},\"primaryImageOfPage\":{\"@id\":\"https:\/\/bxconsulting.ch\/en\/consulting-services\/#primaryimage\"},\"image\":{\"@id\":\"https:\/\/bxconsulting.ch\/en\/consulting-services\/#primaryimage\"},\"thumbnailUrl\":\"https:\/\/bxconsulting.ch\/wp-content\/uploads\/2022\/03\/bx-consulting-prestations-de-conseil-bandeau.jpg\",\"datePublished\":\"2022-04-08T08:07:47+00:00\",\"dateModified\":\"2023-03-01T15:13:46+00:00\",\"description\":\"Discover our consulting services as well as our scope of support, by phase. Our role is to help companies improve their performance.\",\"breadcrumb\":{\"@id\":\"https:\/\/bxconsulting.ch\/en\/consulting-services\/#breadcrumb\"},\"inLanguage\":\"en-US\",\"potentialAction\":[{\"@type\":\"ReadAction\",\"target\":[\"https:\/\/bxconsulting.ch\/en\/consulting-services\/\"]}]},{\"@type\":\"ImageObject\",\"inLanguage\":\"en-US\",\"@id\":\"https:\/\/bxconsulting.ch\/en\/consulting-services\/#primaryimage\",\"url\":\"https:\/\/bxconsulting.ch\/wp-content\/uploads\/2022\/03\/bx-consulting-prestations-de-conseil-bandeau.jpg\",\"contentUrl\":\"https:\/\/bxconsulting.ch\/wp-content\/uploads\/2022\/03\/bx-consulting-prestations-de-conseil-bandeau.jpg\",\"width\":1440,\"height\":410},{\"@type\":\"BreadcrumbList\",\"@id\":\"https:\/\/bxconsulting.ch\/en\/consulting-services\/#breadcrumb\",\"itemListElement\":[{\"@type\":\"ListItem\",\"position\":1,\"name\":\"Accueil\",\"item\":\"https:\/\/bxconsulting.ch\/en\/\"},{\"@type\":\"ListItem\",\"position\":2,\"name\":\"Consulting services\"}]},{\"@type\":\"WebSite\",\"@id\":\"https:\/\/bxconsulting.ch\/en\/#website\",\"url\":\"https:\/\/bxconsulting.ch\/en\/\",\"name\":\"Consulting, conseil en ing\u00e9nierie informatique | BX Consulting\",\"description\":\"BX Consulting, soci\u00e9t\u00e9 de conseil en ing\u00e9nierie informatique vous propose un accompagnement dans une d\u00e9marche globale d&#039;am\u00e9lioration de votre performance.\",\"publisher\":{\"@id\":\"https:\/\/bxconsulting.ch\/en\/#organization\"},\"potentialAction\":[{\"@type\":\"SearchAction\",\"target\":{\"@type\":\"EntryPoint\",\"urlTemplate\":\"https:\/\/bxconsulting.ch\/en\/?s={search_term_string}\"},\"query-input\":{\"@type\":\"PropertyValueSpecification\",\"valueRequired\":true,\"valueName\":\"search_term_string\"}}],\"inLanguage\":\"en-US\"},{\"@type\":\"Organization\",\"@id\":\"https:\/\/bxconsulting.ch\/en\/#organization\",\"name\":\"Consulting, conseil en ing\u00e9nierie informatique | BX Consulting\",\"url\":\"https:\/\/bxconsulting.ch\/en\/\",\"logo\":{\"@type\":\"ImageObject\",\"inLanguage\":\"en-US\",\"@id\":\"https:\/\/bxconsulting.ch\/en\/#\/schema\/logo\/image\/\",\"url\":\"https:\/\/bxconsulting.ch\/wp-content\/uploads\/2022\/03\/bx-consulting-logo.svg\",\"contentUrl\":\"https:\/\/bxconsulting.ch\/wp-content\/uploads\/2022\/03\/bx-consulting-logo.svg\",\"width\":85,\"height\":91,\"caption\":\"Consulting, conseil en ing\u00e9nierie informatique | BX Consulting\"},\"image\":{\"@id\":\"https:\/\/bxconsulting.ch\/en\/#\/schema\/logo\/image\/\"}}]}<\/script>\n<!-- \/ Yoast SEO plugin. -->","yoast_head_json":{"title":"Consulting services, scope of support | BX Consulting","description":"Discover our consulting services as well as our scope of support, by phase. Our role is to help companies improve their performance.","robots":{"index":"index","follow":"follow","max-snippet":"max-snippet:-1","max-image-preview":"max-image-preview:large","max-video-preview":"max-video-preview:-1"},"canonical":"https:\/\/bxconsulting.ch\/en\/consulting-services\/","og_locale":"en_US","og_type":"article","og_title":"Consulting services, scope of support | BX Consulting","og_description":"Discover our consulting services as well as our scope of support, by phase. Our role is to help companies improve their performance.","og_url":"https:\/\/bxconsulting.ch\/en\/consulting-services\/","og_site_name":"Consulting, conseil en ing\u00e9nierie informatique | BX Consulting","article_modified_time":"2023-03-01T15:13:46+00:00","og_image":[{"width":1440,"height":410,"url":"https:\/\/bxconsulting.ch\/wp-content\/uploads\/2022\/03\/bx-consulting-prestations-de-conseil-bandeau.jpg","type":"image\/jpeg"}],"twitter_card":"summary_large_image","schema":{"@context":"https:\/\/schema.org","@graph":[{"@type":"WebPage","@id":"https:\/\/bxconsulting.ch\/en\/consulting-services\/","url":"https:\/\/bxconsulting.ch\/en\/consulting-services\/","name":"Consulting services, scope of support | BX Consulting","isPartOf":{"@id":"https:\/\/bxconsulting.ch\/en\/#website"},"primaryImageOfPage":{"@id":"https:\/\/bxconsulting.ch\/en\/consulting-services\/#primaryimage"},"image":{"@id":"https:\/\/bxconsulting.ch\/en\/consulting-services\/#primaryimage"},"thumbnailUrl":"https:\/\/bxconsulting.ch\/wp-content\/uploads\/2022\/03\/bx-consulting-prestations-de-conseil-bandeau.jpg","datePublished":"2022-04-08T08:07:47+00:00","dateModified":"2023-03-01T15:13:46+00:00","description":"Discover our consulting services as well as our scope of support, by phase. Our role is to help companies improve their performance.","breadcrumb":{"@id":"https:\/\/bxconsulting.ch\/en\/consulting-services\/#breadcrumb"},"inLanguage":"en-US","potentialAction":[{"@type":"ReadAction","target":["https:\/\/bxconsulting.ch\/en\/consulting-services\/"]}]},{"@type":"ImageObject","inLanguage":"en-US","@id":"https:\/\/bxconsulting.ch\/en\/consulting-services\/#primaryimage","url":"https:\/\/bxconsulting.ch\/wp-content\/uploads\/2022\/03\/bx-consulting-prestations-de-conseil-bandeau.jpg","contentUrl":"https:\/\/bxconsulting.ch\/wp-content\/uploads\/2022\/03\/bx-consulting-prestations-de-conseil-bandeau.jpg","width":1440,"height":410},{"@type":"BreadcrumbList","@id":"https:\/\/bxconsulting.ch\/en\/consulting-services\/#breadcrumb","itemListElement":[{"@type":"ListItem","position":1,"name":"Accueil","item":"https:\/\/bxconsulting.ch\/en\/"},{"@type":"ListItem","position":2,"name":"Consulting services"}]},{"@type":"WebSite","@id":"https:\/\/bxconsulting.ch\/en\/#website","url":"https:\/\/bxconsulting.ch\/en\/","name":"Consulting, conseil en ing\u00e9nierie informatique | BX Consulting","description":"BX Consulting, soci\u00e9t\u00e9 de conseil en ing\u00e9nierie informatique vous propose un accompagnement dans une d\u00e9marche globale d&#039;am\u00e9lioration de votre performance.","publisher":{"@id":"https:\/\/bxconsulting.ch\/en\/#organization"},"potentialAction":[{"@type":"SearchAction","target":{"@type":"EntryPoint","urlTemplate":"https:\/\/bxconsulting.ch\/en\/?s={search_term_string}"},"query-input":{"@type":"PropertyValueSpecification","valueRequired":true,"valueName":"search_term_string"}}],"inLanguage":"en-US"},{"@type":"Organization","@id":"https:\/\/bxconsulting.ch\/en\/#organization","name":"Consulting, conseil en ing\u00e9nierie informatique | BX Consulting","url":"https:\/\/bxconsulting.ch\/en\/","logo":{"@type":"ImageObject","inLanguage":"en-US","@id":"https:\/\/bxconsulting.ch\/en\/#\/schema\/logo\/image\/","url":"https:\/\/bxconsulting.ch\/wp-content\/uploads\/2022\/03\/bx-consulting-logo.svg","contentUrl":"https:\/\/bxconsulting.ch\/wp-content\/uploads\/2022\/03\/bx-consulting-logo.svg","width":85,"height":91,"caption":"Consulting, conseil en ing\u00e9nierie informatique | BX Consulting"},"image":{"@id":"https:\/\/bxconsulting.ch\/en\/#\/schema\/logo\/image\/"}}]}},"_links":{"self":[{"href":"https:\/\/bxconsulting.ch\/en\/wp-json\/wp\/v2\/pages\/306","targetHints":{"allow":["GET"]}}],"collection":[{"href":"https:\/\/bxconsulting.ch\/en\/wp-json\/wp\/v2\/pages"}],"about":[{"href":"https:\/\/bxconsulting.ch\/en\/wp-json\/wp\/v2\/types\/page"}],"author":[{"embeddable":true,"href":"https:\/\/bxconsulting.ch\/en\/wp-json\/wp\/v2\/users\/3"}],"replies":[{"embeddable":true,"href":"https:\/\/bxconsulting.ch\/en\/wp-json\/wp\/v2\/comments?post=306"}],"version-history":[{"count":25,"href":"https:\/\/bxconsulting.ch\/en\/wp-json\/wp\/v2\/pages\/306\/revisions"}],"predecessor-version":[{"id":1699,"href":"https:\/\/bxconsulting.ch\/en\/wp-json\/wp\/v2\/pages\/306\/revisions\/1699"}],"wp:featuredmedia":[{"embeddable":true,"href":"https:\/\/bxconsulting.ch\/en\/wp-json\/wp\/v2\/media\/244"}],"wp:attachment":[{"href":"https:\/\/bxconsulting.ch\/en\/wp-json\/wp\/v2\/media?parent=306"}],"curies":[{"name":"wp","href":"https:\/\/api.w.org\/{rel}","templated":true}]}}